{"id":4395,"date":"2020-12-11T20:57:15","date_gmt":"2020-12-11T20:57:15","guid":{"rendered":"https:\/\/inderhuila.gov.co\/antigua\/?page_id=4395"},"modified":"2021-01-19T16:14:33","modified_gmt":"2021-01-19T16:14:33","slug":"proteccion-de-datos","status":"publish","type":"page","link":"https:\/\/inderhuila.gov.co\/antigua\/proteccion-de-datos\/","title":{"rendered":"Protecci\u00f3n de Datos"},"content":{"rendered":"\t\t<div data-elementor-type=\"wp-page\" data-elementor-id=\"4395\" class=\"elementor elementor-4395\" data-elementor-settings=\"[]\">\n\t\t\t\t\t\t<div class=\"elementor-inner\">\n\t\t\t\t\t\t\t<div class=\"elementor-section-wrap\">\n\t\t\t\t\t\t\t<section class=\"elementor-section elementor-top-section elementor-element elementor-element-221c724 elementor-section-boxed elementor-section-height-default elementor-section-height-default\" data-id=\"221c724\" data-element_type=\"section\">\n\t\t\t\t\t\t<div class=\"elementor-container elementor-column-gap-default\">\n\t\t\t\t\t\t\t<div class=\"elementor-row\">\n\t\t\t\t\t<div class=\"elementor-column elementor-col-100 elementor-top-column elementor-element elementor-element-e0ea802\" data-id=\"e0ea802\" data-element_type=\"column\">\n\t\t\t<div class=\"elementor-column-wrap elementor-element-populated\">\n\t\t\t\t\t\t\t<div class=\"elementor-widget-wrap\">\n\t\t\t\t\t\t<div class=\"elementor-element elementor-element-758e176 elementor-widget elementor-widget-heading\" data-id=\"758e176\" data-element_type=\"widget\" data-widget_type=\"heading.default\">\n\t\t\t\t<div class=\"elementor-widget-container\">\n\t\t\t<h5 class=\"elementor-heading-title elementor-size-default\">Ley de protecci\u00f3n de datos<\/h5>\t\t<\/div>\n\t\t\t\t<\/div>\n\t\t\t\t\t\t<\/div>\n\t\t\t\t\t<\/div>\n\t\t<\/div>\n\t\t\t\t\t\t\t\t<\/div>\n\t\t\t\t\t<\/div>\n\t\t<\/section>\n\t\t\t\t<section class=\"elementor-section elementor-top-section elementor-element elementor-element-02cf56f elementor-section-boxed elementor-section-height-default elementor-section-height-default\" data-id=\"02cf56f\" data-element_type=\"section\">\n\t\t\t\t\t\t<div class=\"elementor-container elementor-column-gap-default\">\n\t\t\t\t\t\t\t<div class=\"elementor-row\">\n\t\t\t\t\t<div class=\"elementor-column elementor-col-100 elementor-top-column elementor-element elementor-element-3f19662\" data-id=\"3f19662\" data-element_type=\"column\">\n\t\t\t<div class=\"elementor-column-wrap elementor-element-populated\">\n\t\t\t\t\t\t\t<div class=\"elementor-widget-wrap\">\n\t\t\t\t\t\t<div class=\"elementor-element elementor-element-83a4717 elementor-widget elementor-widget-text-editor\" data-id=\"83a4717\" data-element_type=\"widget\" data-widget_type=\"text-editor.default\">\n\t\t\t\t<div class=\"elementor-widget-container\">\n\t\t\t\t\t\t\t\t<div class=\"elementor-text-editor elementor-clearfix\">\n\t\t\t\t<p>Le invitamos a conocer las Pol\u00edticas de Protecci\u00f3n de Datos Personales de este sitio web.\u00a0<\/p><p>Con motivo de la expedici\u00f3n de la Ley 1581 de 2012 y el Decreto Reglamentario 1377 de 2013, han adoptado una Pol\u00edtica para el Tratamiento de los Datos Personales.<\/p><p>A la fecha la el Inderhuila, conserva la informaci\u00f3n de sus usuarios; esta informaci\u00f3n ha sido recolectada en el desarrollo de sus funciones p\u00fablicas, en el momento que usted como ciudadano ha realizado cualquier solicitud a la entidad, eventos o reuniones en las que ha participado y que por su funci\u00f3n la entidad debe cumplir.\u00a0<\/p><p>Las finalidades del tratamiento de datos son las siguientes:<\/p><ol><li>Administrar y gestionar los servicios ofrecidos por el Inderhuila en los cuales el Titular decida registrarse.<\/li><li>Estudiar cuantitativa y cualitativamente las visitas y utilizar los servicios por parte de los usuarios.<\/li><li>Analizar, evaluar y generar datos estad\u00edsticos e indicadores, formular la pol\u00edtica de compra p\u00fablica.<\/li><li>Enviar por medios tradicionales y electr\u00f3nicos informaci\u00f3n relacionada con los proyectos, programas o servicios del Inderhuila<\/li><\/ol><p>A continuaci\u00f3n consulte la normatividad.<\/p><p>Consulte:\u00a0<strong><a href=\"http:\/\/wsp.presidencia.gov.co\/Normativa\/Leyes\/Documents\/LEY%201581%20DEL%2017%20DE%20OCTUBRE%20DE%202012.pdf\">Ley 1581 de 2012<\/a>\u00a0\u00abPor la cual se dictan disposiciones generales para la protecci\u00f3n de datos personales\u00bb.<\/strong><\/p><p>Consulte:\u00a0<strong><a href=\"http:\/\/wsp.presidencia.gov.co\/Normativa\/Decretos\/2013\/Documents\/JUNIO\/27\/DECRETO%201377%20DEL%2027%20DE%20JUNIO%20DE%202013.pdf\">Decreto Nacional 1377 de 2013<\/a>\u00a0\u00abPor la cual se reglamenta parcialmente la Ley 1581 de 2012\u00bb.<\/strong><\/p>\t\t\t\t\t<\/div>\n\t\t\t\t\t\t<\/div>\n\t\t\t\t<\/div>\n\t\t\t\t\t\t<\/div>\n\t\t\t\t\t<\/div>\n\t\t<\/div>\n\t\t\t\t\t\t\t\t<\/div>\n\t\t\t\t\t<\/div>\n\t\t<\/section>\n\t\t\t\t<section class=\"elementor-section elementor-top-section elementor-element elementor-element-7fa4278 elementor-section-boxed elementor-section-height-default elementor-section-height-default\" data-id=\"7fa4278\" data-element_type=\"section\">\n\t\t\t\t\t\t<div class=\"elementor-container elementor-column-gap-default\">\n\t\t\t\t\t\t\t<div class=\"elementor-row\">\n\t\t\t\t\t<div class=\"elementor-column elementor-col-33 elementor-top-column elementor-element elementor-element-a31e64b\" data-id=\"a31e64b\" data-element_type=\"column\">\n\t\t\t<div class=\"elementor-column-wrap elementor-element-populated\">\n\t\t\t\t\t\t\t<div class=\"elementor-widget-wrap\">\n\t\t\t\t\t\t<div class=\"elementor-element elementor-element-58770ce elementor-view-framed elementor-shape-circle elementor-widget elementor-widget-icon\" data-id=\"58770ce\" data-element_type=\"widget\" data-widget_type=\"icon.default\">\n\t\t\t\t<div class=\"elementor-widget-container\">\n\t\t\t\t\t<div class=\"elementor-icon-wrapper\">\n\t\t\t<a class=\"elementor-icon\" href=\"https:\/\/inderhuila.gov.co\/antigua\/wp-content\/uploads\/2020\/11\/Politica-para-el-tratamiento-de-Datos-Firmada.pdf\">\n\t\t\t<i aria-hidden=\"true\" class=\"far fa-file-pdf\"><\/i>\t\t\t<\/a>\n\t\t<\/div>\n\t\t\t\t<\/div>\n\t\t\t\t<\/div>\n\t\t\t\t\t\t<\/div>\n\t\t\t\t\t<\/div>\n\t\t<\/div>\n\t\t\t\t<div class=\"elementor-column elementor-col-66 elementor-top-column elementor-element elementor-element-f4ca105\" data-id=\"f4ca105\" data-element_type=\"column\">\n\t\t\t<div class=\"elementor-column-wrap elementor-element-populated\">\n\t\t\t\t\t\t\t<div class=\"elementor-widget-wrap\">\n\t\t\t\t\t\t<div class=\"elementor-element elementor-element-5511a20 elementor-widget elementor-widget-text-editor\" data-id=\"5511a20\" data-element_type=\"widget\" data-widget_type=\"text-editor.default\">\n\t\t\t\t<div class=\"elementor-widget-container\">\n\t\t\t\t\t\t\t\t<div class=\"elementor-text-editor elementor-clearfix\">\n\t\t\t\t<p><strong class=\"col-md-3\">Nombre:\u00a0 \u00a0 \u00a0 \u00a0<\/strong>Pol\u00edtica de Tratamiento de Datos Inderhuila<\/p><p><span class=\"peso\" style=\"letter-spacing: 0px;\">\u00a0 \u00a0 \u00a0 \u00a0 \u00a0 \u00a0 \u00a0 \u00a0 \u00a0 \u00a0 \u00a0 \u00a0 \u00a0 \u00a0 \u00a0 \u00a00.46Mb |\u00a0 \u00a011<\/span><span class=\"fecha\" style=\"letter-spacing: 0px;\">\/10\/2020<\/span><\/p><p><strong class=\"col-md-3\">Descripci\u00f3n:<\/strong>Pol\u00edtica de Tratamiento de Datos<\/p>\t\t\t\t\t<\/div>\n\t\t\t\t\t\t<\/div>\n\t\t\t\t<\/div>\n\t\t\t\t\t\t<\/div>\n\t\t\t\t\t<\/div>\n\t\t<\/div>\n\t\t\t\t\t\t\t\t<\/div>\n\t\t\t\t\t<\/div>\n\t\t<\/section>\n\t\t\t\t\t\t<\/div>\n\t\t\t\t\t\t<\/div>\n\t\t\t\t\t<\/div>\n\t\t","protected":false},"excerpt":{"rendered":"<p>Ley de protecci\u00f3n de datos Le invitamos a conocer las Pol\u00edticas de Protecci\u00f3n de Datos Personales de este sitio web. Con motivo de la expedici\u00f3n de la Ley 1581 de 2012 y el Decreto Reglamentario 1377 de 2013, han adoptado una Pol\u00edtica para el Tratamiento de los Datos Personales. A la fecha la el Inderhuila, [&hellip;]<\/p>\n","protected":false},"author":1,"featured_media":0,"parent":0,"menu_order":0,"comment_status":"closed","ping_status":"closed","template":"","meta":[],"_links":{"self":[{"href":"https:\/\/inderhuila.gov.co\/antigua\/wp-json\/wp\/v2\/pages\/4395"}],"collection":[{"href":"https:\/\/inderhuila.gov.co\/antigua\/wp-json\/wp\/v2\/pages"}],"about":[{"href":"https:\/\/inderhuila.gov.co\/antigua\/wp-json\/wp\/v2\/types\/page"}],"author":[{"embeddable":true,"href":"https:\/\/inderhuila.gov.co\/antigua\/wp-json\/wp\/v2\/users\/1"}],"replies":[{"embeddable":true,"href":"https:\/\/inderhuila.gov.co\/antigua\/wp-json\/wp\/v2\/comments?post=4395"}],"version-history":[{"count":8,"href":"https:\/\/inderhuila.gov.co\/antigua\/wp-json\/wp\/v2\/pages\/4395\/revisions"}],"predecessor-version":[{"id":5130,"href":"https:\/\/inderhuila.gov.co\/antigua\/wp-json\/wp\/v2\/pages\/4395\/revisions\/5130"}],"wp:attachment":[{"href":"https:\/\/inderhuila.gov.co\/antigua\/wp-json\/wp\/v2\/media?parent=4395"}],"curies":[{"name":"wp","href":"https:\/\/api.w.org\/{rel}","templated":true}]}}